{"id":563,"date":"2025-03-05T18:46:41","date_gmt":"2025-03-05T17:46:41","guid":{"rendered":"http:\/\/iebmurcia.es\/?page_id=563"},"modified":"2025-03-08T20:06:29","modified_gmt":"2025-03-08T19:06:29","slug":"enlaces","status":"publish","type":"page","link":"http:\/\/iebmurcia.es\/?page_id=563","title":{"rendered":"Enlaces"},"content":{"rendered":"<div class=\"wp-block-image\">\n<figure class=\"aligncenter size-large\"><a href=\"https:\/\/uebe.org\/\"><img src=\"https:\/\/uebe.org\/wp-content\/uploads\/2018\/08\/Logo_uebe_2018_horizontal-1-e1603454432966.png\" alt=\"\"\/><\/a><\/figure><\/div>\n\n\n<p class=\"has-text-align-center has-large-font-size\"><strong><a href=\"https:\/\/www.bible.com\/es\/languages\/spa_es\">La Biblia en espa\u00f1ol<\/a><\/strong><\/p>\n\n\n\n<p class=\"has-text-align-center has-large-font-size\"><a href=\"https:\/\/www.bible.com\/es\/app\"><strong>La Biblia en espa\u00f1ol (aplicaci\u00f3n)<\/strong><\/a><\/p>\n","protected":false},"excerpt":{"rendered":"<p>La Biblia en espa\u00f1ol La Biblia en espa\u00f1ol (aplicaci\u00f3n)<\/p>\n","protected":false},"author":1,"featured_media":0,"parent":0,"menu_order":0,"comment_status":"closed","ping_status":"closed","template":"","meta":[],"yoast_head":"<!-- This site is optimized with the Yoast SEO plugin v14.9 - https:\/\/yoast.com\/wordpress\/plugins\/seo\/ -->\n<title>Enlaces -<\/title>\n<meta name=\"robots\" content=\"index, follow, max-snippet:-1, max-image-preview:large, max-video-preview:-1\" \/>\n<link rel=\"canonical\" href=\"http:\/\/iebmurcia.es\/?page_id=563\" \/>\n<meta property=\"og:locale\" content=\"es_ES\" \/>\n<meta property=\"og:type\" content=\"article\" \/>\n<meta property=\"og:title\" content=\"Enlaces -\" \/>\n<meta property=\"og:description\" content=\"La Biblia en espa\u00f1ol La Biblia en espa\u00f1ol (aplicaci\u00f3n)\" \/>\n<meta property=\"og:url\" content=\"http:\/\/iebmurcia.es\/?page_id=563\" \/>\n<meta property=\"article:publisher\" content=\"https:\/\/www.facebook.com\/Iglesia-Evangelica-Bautista-1010697082300420\/\" \/>\n<meta property=\"article:modified_time\" content=\"2025-03-08T19:06:29+00:00\" \/>\n<meta property=\"og:image\" content=\"https:\/\/uebe.org\/wp-content\/uploads\/2018\/08\/Logo_uebe_2018_horizontal-1-e1603454432966.png\" \/>\n<meta name=\"twitter:card\" content=\"summary_large_image\" \/>\n<script type=\"application\/ld+json\" class=\"yoast-schema-graph\">{\"@context\":\"https:\/\/schema.org\",\"@graph\":[{\"@type\":\"WebSite\",\"@id\":\"http:\/\/iebmurcia.es\/#website\",\"url\":\"http:\/\/iebmurcia.es\/\",\"name\":\"\",\"description\":\"\",\"potentialAction\":[{\"@type\":\"SearchAction\",\"target\":\"http:\/\/iebmurcia.es\/?s={search_term_string}\",\"query-input\":\"required name=search_term_string\"}],\"inLanguage\":\"es\"},{\"@type\":\"ImageObject\",\"@id\":\"http:\/\/iebmurcia.es\/?page_id=563#primaryimage\",\"inLanguage\":\"es\",\"url\":\"https:\/\/uebe.org\/wp-content\/uploads\/2018\/08\/Logo_uebe_2018_horizontal-1-e1603454432966.png\"},{\"@type\":\"WebPage\",\"@id\":\"http:\/\/iebmurcia.es\/?page_id=563#webpage\",\"url\":\"http:\/\/iebmurcia.es\/?page_id=563\",\"name\":\"Enlaces -\",\"isPartOf\":{\"@id\":\"http:\/\/iebmurcia.es\/#website\"},\"primaryImageOfPage\":{\"@id\":\"http:\/\/iebmurcia.es\/?page_id=563#primaryimage\"},\"datePublished\":\"2025-03-05T17:46:41+00:00\",\"dateModified\":\"2025-03-08T19:06:29+00:00\",\"inLanguage\":\"es\",\"potentialAction\":[{\"@type\":\"ReadAction\",\"target\":[\"http:\/\/iebmurcia.es\/?page_id=563\"]}]}]}<\/script>\n<!-- \/ Yoast SEO plugin. -->","_links":{"self":[{"href":"http:\/\/iebmurcia.es\/index.php?rest_route=\/wp\/v2\/pages\/563"}],"collection":[{"href":"http:\/\/iebmurcia.es\/index.php?rest_route=\/wp\/v2\/pages"}],"about":[{"href":"http:\/\/iebmurcia.es\/index.php?rest_route=\/wp\/v2\/types\/page"}],"author":[{"embeddable":true,"href":"http:\/\/iebmurcia.es\/index.php?rest_route=\/wp\/v2\/users\/1"}],"replies":[{"embeddable":true,"href":"http:\/\/iebmurcia.es\/index.php?rest_route=%2Fwp%2Fv2%2Fcomments&post=563"}],"version-history":[{"count":5,"href":"http:\/\/iebmurcia.es\/index.php?rest_route=\/wp\/v2\/pages\/563\/revisions"}],"predecessor-version":[{"id":570,"href":"http:\/\/iebmurcia.es\/index.php?rest_route=\/wp\/v2\/pages\/563\/revisions\/570"}],"wp:attachment":[{"href":"http:\/\/iebmurcia.es\/index.php?rest_route=%2Fwp%2Fv2%2Fmedia&parent=563"}],"curies":[{"name":"wp","href":"https:\/\/api.w.org\/{rel}","templated":true}]}}